{"id":467,"date":"2025-08-29T20:29:07","date_gmt":"2025-08-29T20:29:07","guid":{"rendered":"https:\/\/killianmarteau.fr\/?page_id=467"},"modified":"2026-02-24T20:50:17","modified_gmt":"2026-02-24T20:50:17","slug":"bts-sio","status":"publish","type":"page","link":"https:\/\/killianmarteau.fr\/?page_id=467","title":{"rendered":"BTS SIO"},"content":{"rendered":"\t\t<div data-elementor-type=\"wp-page\" data-elementor-id=\"467\" class=\"elementor elementor-467\">\n\t\t\t\t<div class=\"elementor-element elementor-element-533315a e-flex e-con-boxed wpr-particle-no wpr-jarallax-no wpr-parallax-no wpr-sticky-section-no e-con e-parent\" data-id=\"533315a\" data-element_type=\"container\" data-e-type=\"container\" data-settings=\"{&quot;background_background&quot;:&quot;classic&quot;}\">\n\t\t\t\t\t<div class=\"e-con-inner\">\n\t\t\t\t<div class=\"elementor-element elementor-element-8999ce8 elementor-invisible elementor-widget elementor-widget-heading\" data-id=\"8999ce8\" data-element_type=\"widget\" data-e-type=\"widget\" data-settings=\"{&quot;_animation&quot;:&quot;rotateIn&quot;}\" data-widget_type=\"heading.default\">\n\t\t\t\t\t<h2 class=\"elementor-heading-title elementor-size-default\">Mon BTS SIO SISR<\/h2>\t\t\t\t<\/div>\n\t\t\t\t\t<\/div>\n\t\t\t\t<\/div>\n\t\t<div class=\"elementor-element elementor-element-b8f8fe6 e-flex e-con-boxed wpr-particle-no wpr-jarallax-no wpr-parallax-no wpr-sticky-section-no e-con e-parent\" data-id=\"b8f8fe6\" data-element_type=\"container\" data-e-type=\"container\">\n\t\t\t\t\t<div class=\"e-con-inner\">\n\t\t\t\t<div class=\"elementor-element elementor-element-0c13a08 animated-slow elementor-invisible elementor-widget elementor-widget-heading\" data-id=\"0c13a08\" data-element_type=\"widget\" data-e-type=\"widget\" data-settings=\"{&quot;_animation&quot;:&quot;fadeIn&quot;}\" data-widget_type=\"heading.default\">\n\t\t\t\t\t<h2 class=\"elementor-heading-title elementor-size-default\">Pourquoi un BTS SIO ?<\/h2>\t\t\t\t<\/div>\n\t\t\t\t<div class=\"elementor-element elementor-element-f8e35a9 animated-slow elementor-invisible elementor-widget elementor-widget-text-editor\" data-id=\"f8e35a9\" data-element_type=\"widget\" data-e-type=\"widget\" data-settings=\"{&quot;_animation&quot;:&quot;fadeIn&quot;}\" data-widget_type=\"text-editor.default\">\n\t\t\t\t\t\t\t\t\t<p>Ce qui m&rsquo;a attir\u00e9 dans ce <strong>BTS<\/strong>, c&rsquo;est l&rsquo;\u00e9quilibre parfait entre la th\u00e9orie et la mise en pratique. Il permet d&rsquo;acqu\u00e9rir des <strong>bases solides en cybers\u00e9curit\u00e9<\/strong>, en gestion de projet et en \u00e9conomie du num\u00e9rique, tout en offrant une <strong>sp\u00e9cialisation.<\/strong><\/p>\t\t\t\t\t\t\t\t<\/div>\n\t\t\t\t<div class=\"elementor-element elementor-element-e2d2a35 elementor-widget-divider--view-line elementor-widget elementor-widget-divider\" data-id=\"e2d2a35\" data-element_type=\"widget\" data-e-type=\"widget\" data-widget_type=\"divider.default\">\n\t\t\t\t\t\t\t<div class=\"elementor-divider\">\n\t\t\t<span class=\"elementor-divider-separator\">\n\t\t\t\t\t\t<\/span>\n\t\t<\/div>\n\t\t\t\t\t\t<\/div>\n\t\t\t\t\t<\/div>\n\t\t\t\t<\/div>\n\t\t<div class=\"elementor-element elementor-element-eec258b e-flex e-con-boxed wpr-particle-no wpr-jarallax-no wpr-parallax-no wpr-sticky-section-no e-con e-parent\" data-id=\"eec258b\" data-element_type=\"container\" data-e-type=\"container\">\n\t\t\t\t\t<div class=\"e-con-inner\">\n\t\t\t\t\t<\/div>\n\t\t\t\t<\/div>\n\t\t<div class=\"elementor-element elementor-element-24cdb98 e-flex e-con-boxed wpr-particle-no wpr-jarallax-no wpr-parallax-no wpr-sticky-section-no e-con e-parent\" data-id=\"24cdb98\" data-element_type=\"container\" data-e-type=\"container\">\n\t\t\t\t\t<div class=\"e-con-inner\">\n\t\t\t\t<div class=\"elementor-element elementor-element-1e8bd1c elementor-widget-mobile__width-inherit elementor-widget elementor-widget-eael-fancy-text\" data-id=\"1e8bd1c\" data-element_type=\"widget\" data-e-type=\"widget\" data-widget_type=\"eael-fancy-text.default\">\n\t\t\t\t\t\n\t<div  class=\"eael-fancy-text-container style-1\" data-fancy-text-id=\"1e8bd1c\" data-fancy-text=\"|SLAM ? |SISR ? \" data-fancy-text-transition-type=\"typing\" data-fancy-text-speed=\"3\" data-fancy-text-delay=\"1500\" data-fancy-text-cursor=\"yes\" data-fancy-text-loop=\"yes\" data-fancy-text-action=\"page_load\" >\n\t\t\t\t\t<span class=\"eael-fancy-text-prefix\">Mais qu'est-ce qu'un BTS SIO <\/span>\n\t\t\n\t\t\n\t\t\t\t\t<span id=\"eael-fancy-text-1e8bd1c\" class=\"eael-fancy-text-strings solid-color\">\n\t\t\t\t<noscript>\n\t\t\t\t\tSLAM ? , SISR ?\t\t\t\t<\/noscript>\n\t\t\t<\/span>\n\t\t\n\t\t\t<\/div><!-- close .eael-fancy-text-container -->\n\n\t<div class=\"clearfix\"><\/div>\n\n\t\t\t\t\t<\/div>\n\t\t\t\t\t<\/div>\n\t\t\t\t<\/div>\n\t\t<div class=\"elementor-element elementor-element-95534eb e-flex e-con-boxed wpr-particle-no wpr-jarallax-no wpr-parallax-no wpr-sticky-section-no elementor-invisible e-con e-parent\" data-id=\"95534eb\" data-element_type=\"container\" data-e-type=\"container\" data-settings=\"{&quot;animation&quot;:&quot;fadeInLeft&quot;}\">\n\t\t\t\t\t<div class=\"e-con-inner\">\n\t\t\t\t<div class=\"elementor-element elementor-element-9667803 elementor-widget elementor-widget-heading\" data-id=\"9667803\" data-element_type=\"widget\" data-e-type=\"widget\" data-widget_type=\"heading.default\">\n\t\t\t\t\t<h2 class=\"elementor-heading-title elementor-size-default\">Sp\u00e9cialit\u00e9e SISR, Solutions d\u2019Infrastructure, Syst\u00e8mes et R\u00e9seaux<\/h2>\t\t\t\t<\/div>\n\t\t\t\t<div class=\"elementor-element elementor-element-fadb231 elementor-widget elementor-widget-text-editor\" data-id=\"fadb231\" data-element_type=\"widget\" data-e-type=\"widget\" data-widget_type=\"text-editor.default\">\n\t\t\t\t\t\t\t\t\t<p>Orient\u00e9e vers l\u2019<strong>administration des r\u00e9seaux et syst\u00e8mes<\/strong>.<br \/>Tu y apprends \u00e0 installer, configurer et s\u00e9curiser des serveurs, des postes clients, des r\u00e9seaux locaux.<br \/><strong>D\u00e9bouch\u00e9s<\/strong> : technicien syst\u00e8mes et r\u00e9seaux, administrateur r\u00e9seau, support informatique.<\/p>\t\t\t\t\t\t\t\t<\/div>\n\t\t\t\t\t<\/div>\n\t\t\t\t<\/div>\n\t\t<div class=\"elementor-element elementor-element-ba438c5 e-flex e-con-boxed wpr-particle-no wpr-jarallax-no wpr-parallax-no wpr-sticky-section-no elementor-invisible e-con e-parent\" data-id=\"ba438c5\" data-element_type=\"container\" data-e-type=\"container\" data-settings=\"{&quot;animation&quot;:&quot;fadeInRight&quot;}\">\n\t\t\t\t\t<div class=\"e-con-inner\">\n\t\t\t\t<div class=\"elementor-element elementor-element-e924d0f elementor-widget elementor-widget-heading\" data-id=\"e924d0f\" data-element_type=\"widget\" data-e-type=\"widget\" data-widget_type=\"heading.default\">\n\t\t\t\t\t<h2 class=\"elementor-heading-title elementor-size-default\">Sp\u00e9cialit\u00e9e SLAM, Solutions Logicielles et Applications M\u00e9tiers<\/h2>\t\t\t\t<\/div>\n\t\t\t\t<div class=\"elementor-element elementor-element-0e7c28f elementor-widget elementor-widget-text-editor\" data-id=\"0e7c28f\" data-element_type=\"widget\" data-e-type=\"widget\" data-widget_type=\"text-editor.default\">\n\t\t\t\t\t\t\t\t\t<p>Ax\u00e9e sur le <strong>d\u00e9veloppement d\u2019applications<\/strong> (web, mobile, logiciels m\u00e9tiers).<br \/>Tu y apprends \u00e0 coder, concevoir des bases de donn\u00e9es, et r\u00e9pondre aux besoins logiciels des entreprises.<br \/><strong>D\u00e9bouch\u00e9s<\/strong> : d\u00e9veloppeur web, analyste programmeur, concepteur d\u2019applications.<\/p>\t\t\t\t\t\t\t\t<\/div>\n\t\t\t\t\t<\/div>\n\t\t\t\t<\/div>\n\t\t<div class=\"elementor-element elementor-element-baad845 e-flex e-con-boxed wpr-particle-no wpr-jarallax-no wpr-parallax-no wpr-sticky-section-no e-con e-parent\" data-id=\"baad845\" data-element_type=\"container\" data-e-type=\"container\">\n\t\t\t\t\t<div class=\"e-con-inner\">\n\t\t\t\t<div class=\"elementor-element elementor-element-b472e69 elementor-widget elementor-widget-eael-fancy-text\" data-id=\"b472e69\" data-element_type=\"widget\" data-e-type=\"widget\" data-widget_type=\"eael-fancy-text.default\">\n\t\t\t\t\t\n\t<div  class=\"eael-fancy-text-container style-1\" data-fancy-text-id=\"b472e69\" data-fancy-text=\"|cette formation ?\" data-fancy-text-transition-type=\"typing\" data-fancy-text-speed=\"3\" data-fancy-text-delay=\"1500\" data-fancy-text-cursor=\"yes\" data-fancy-text-loop=\"yes\" data-fancy-text-action=\"page_load\" >\n\t\t\t\t\t<span class=\"eael-fancy-text-prefix\">O\u00f9 est-ce que j'ai pu passer <\/span>\n\t\t\n\t\t\n\t\t\t\t\t<span id=\"eael-fancy-text-b472e69\" class=\"eael-fancy-text-strings solid-color\">\n\t\t\t\t<noscript>\n\t\t\t\t\tcette formation ?\t\t\t\t<\/noscript>\n\t\t\t<\/span>\n\t\t\n\t\t\t<\/div><!-- close .eael-fancy-text-container -->\n\n\t<div class=\"clearfix\"><\/div>\n\n\t\t\t\t\t<\/div>\n\t\t\t\t<div class=\"elementor-element elementor-element-cfb9f77 elementor-widget elementor-widget-text-editor\" data-id=\"cfb9f77\" data-element_type=\"widget\" data-e-type=\"widget\" data-widget_type=\"text-editor.default\">\n\t\t\t\t\t\t\t\t\t<p>J&rsquo;ai effectu\u00e9 cette formation \u00e0 l&rsquo;Institut d&rsquo;Informatique Appliqu\u00e9e \u00e0 Laval (53).\u00a0<\/p>\t\t\t\t\t\t\t\t<\/div>\n\t\t\t\t<div class=\"elementor-element elementor-element-ec3963b elementor-widget elementor-widget-button\" data-id=\"ec3963b\" data-element_type=\"widget\" data-e-type=\"widget\" data-widget_type=\"button.default\">\n\t\t\t\t\t\t\t\t\t\t<a class=\"elementor-button elementor-button-link elementor-size-sm\" href=\"https:\/\/iia-formation.fr\/\">\n\t\t\t\t\t\t<span class=\"elementor-button-content-wrapper\">\n\t\t\t\t\t\t<span class=\"elementor-button-icon\">\n\t\t\t\t<svg aria-hidden=\"true\" class=\"e-font-icon-svg e-fas-school\" viewBox=\"0 0 640 512\" xmlns=\"http:\/\/www.w3.org\/2000\/svg\"><path d=\"M0 224v272c0 8.84 7.16 16 16 16h80V192H32c-17.67 0-32 14.33-32 32zm360-48h-24v-40c0-4.42-3.58-8-8-8h-16c-4.42 0-8 3.58-8 8v64c0 4.42 3.58 8 8 8h48c4.42 0 8-3.58 8-8v-16c0-4.42-3.58-8-8-8zm137.75-63.96l-160-106.67a32.02 32.02 0 0 0-35.5 0l-160 106.67A32.002 32.002 0 0 0 128 138.66V512h128V368c0-8.84 7.16-16 16-16h96c8.84 0 16 7.16 16 16v144h128V138.67c0-10.7-5.35-20.7-14.25-26.63zM320 256c-44.18 0-80-35.82-80-80s35.82-80 80-80 80 35.82 80 80-35.82 80-80 80zm288-64h-64v320h80c8.84 0 16-7.16 16-16V224c0-17.67-14.33-32-32-32z\"><\/path><\/svg>\t\t\t<\/span>\n\t\t\t\t\t\t\t\t\t<span class=\"elementor-button-text\">Plus d'information<\/span>\n\t\t\t\t\t<\/span>\n\t\t\t\t\t<\/a>\n\t\t\t\t\t\t\t\t<\/div>\n\t\t\t\t<div class=\"elementor-element elementor-element-5c7a1c1 elementor-widget elementor-widget-google_maps\" data-id=\"5c7a1c1\" data-element_type=\"widget\" data-e-type=\"widget\" data-widget_type=\"google_maps.default\">\n\t\t\t\t\t\t\t<div class=\"elementor-custom-embed\">\n\t\t\t<iframe loading=\"lazy\"\n\t\t\t\t\tsrc=\"https:\/\/maps.google.com\/maps?q=Institut%20d%27informatique%20Appliqu%C3%A9e%2C%20Laval&#038;t=m&#038;z=10&#038;output=embed&#038;iwloc=near\"\n\t\t\t\t\ttitle=\"Institut d&#039;informatique Appliqu\u00e9e, Laval\"\n\t\t\t\t\taria-label=\"Institut d&#039;informatique Appliqu\u00e9e, Laval\"\n\t\t\t><\/iframe>\n\t\t<\/div>\n\t\t\t\t\t\t<\/div>\n\t\t\t\t\t<\/div>\n\t\t\t\t<\/div>\n\t\t<div class=\"elementor-element elementor-element-d4772af e-flex e-con-boxed wpr-particle-no wpr-jarallax-no wpr-parallax-no wpr-sticky-section-no e-con e-parent\" data-id=\"d4772af\" data-element_type=\"container\" data-e-type=\"container\">\n\t\t\t\t\t<div class=\"e-con-inner\">\n\t\t\t\t<div class=\"elementor-element elementor-element-a55199d elementor-widget-divider--view-line elementor-widget elementor-widget-divider\" data-id=\"a55199d\" data-element_type=\"widget\" data-e-type=\"widget\" data-widget_type=\"divider.default\">\n\t\t\t\t\t\t\t<div class=\"elementor-divider\">\n\t\t\t<span class=\"elementor-divider-separator\">\n\t\t\t\t\t\t<\/span>\n\t\t<\/div>\n\t\t\t\t\t\t<\/div>\n\t\t\t\t\t<\/div>\n\t\t\t\t<\/div>\n\t\t<div class=\"elementor-element elementor-element-fc92c9b e-flex e-con-boxed wpr-particle-no wpr-jarallax-no wpr-parallax-no wpr-sticky-section-no e-con e-parent\" data-id=\"fc92c9b\" data-element_type=\"container\" data-e-type=\"container\" data-settings=\"{&quot;background_background&quot;:&quot;classic&quot;}\">\n\t\t\t\t\t<div class=\"e-con-inner\">\n\t\t\t\t<div class=\"elementor-element elementor-element-8bf2f7d elementor-align-center elementor-invisible elementor-widget elementor-widget-button\" data-id=\"8bf2f7d\" data-element_type=\"widget\" data-e-type=\"widget\" data-settings=\"{&quot;_animation&quot;:&quot;bounceIn&quot;}\" data-widget_type=\"button.default\">\n\t\t\t\t\t\t\t\t\t\t<a class=\"elementor-button elementor-button-link elementor-size-sm elementor-animation-grow\" href=\"https:\/\/killianmarteau.fr\/?page_id=186\">\n\t\t\t\t\t\t<span class=\"elementor-button-content-wrapper\">\n\t\t\t\t\t\t\t\t\t<span class=\"elementor-button-text\">Epreuves<\/span>\n\t\t\t\t\t<\/span>\n\t\t\t\t\t<\/a>\n\t\t\t\t\t\t\t\t<\/div>\n\t\t\t\t\t<\/div>\n\t\t\t\t<\/div>\n\t\t\t\t<\/div>\n\t\t","protected":false},"excerpt":{"rendered":"<p>Mon BTS SIO SISR Pourquoi un BTS SIO ? Ce qui m&rsquo;a attir\u00e9 dans ce BTS, c&rsquo;est l&rsquo;\u00e9quilibre parfait entre la th\u00e9orie et la mise en pratique. Il permet d&rsquo;acqu\u00e9rir des bases solides en cybers\u00e9curit\u00e9, en gestion de projet et en \u00e9conomie du num\u00e9rique, tout en offrant une sp\u00e9cialisation. Mais qu&rsquo;est-ce qu&rsquo;un BTS SIO SLAM ? , SISR ? Sp\u00e9cialit\u00e9e SISR, Solutions d\u2019Infrastructure, Syst\u00e8mes et R\u00e9seaux Orient\u00e9e vers l\u2019administration des r\u00e9seaux et syst\u00e8mes.Tu y apprends \u00e0 installer, configurer et s\u00e9curiser des serveurs, des postes clients, des r\u00e9seaux locaux.D\u00e9bouch\u00e9s : technicien syst\u00e8mes et r\u00e9seaux, administrateur r\u00e9seau, support informatique. Sp\u00e9cialit\u00e9e SLAM, Solutions Logicielles et Applications M\u00e9tiers Ax\u00e9e sur le d\u00e9veloppement d\u2019applications (web, mobile, logiciels m\u00e9tiers).Tu y apprends \u00e0 coder, concevoir des bases de donn\u00e9es, et r\u00e9pondre aux besoins logiciels des entreprises.D\u00e9bouch\u00e9s : d\u00e9veloppeur web, analyste programmeur, concepteur d\u2019applications. O\u00f9 est-ce que j&rsquo;ai pu passer cette formation ? J&rsquo;ai effectu\u00e9 cette formation \u00e0 l&rsquo;Institut d&rsquo;Informatique Appliqu\u00e9e \u00e0 Laval (53).\u00a0 Plus d&rsquo;information Epreuves<\/p>\n","protected":false},"author":1,"featured_media":0,"parent":0,"menu_order":0,"comment_status":"closed","ping_status":"closed","template":"","meta":{"om_disable_all_campaigns":false,"_monsterinsights_skip_tracking":false,"_monsterinsights_sitenote_active":false,"_monsterinsights_sitenote_note":"","_monsterinsights_sitenote_category":0,"footnotes":""},"class_list":["post-467","page","type-page","status-publish","hentry","entry"],"aioseo_notices":[],"_links":{"self":[{"href":"https:\/\/killianmarteau.fr\/index.php?rest_route=\/wp\/v2\/pages\/467","targetHints":{"allow":["GET"]}}],"collection":[{"href":"https:\/\/killianmarteau.fr\/index.php?rest_route=\/wp\/v2\/pages"}],"about":[{"href":"https:\/\/killianmarteau.fr\/index.php?rest_route=\/wp\/v2\/types\/page"}],"author":[{"embeddable":true,"href":"https:\/\/killianmarteau.fr\/index.php?rest_route=\/wp\/v2\/users\/1"}],"replies":[{"embeddable":true,"href":"https:\/\/killianmarteau.fr\/index.php?rest_route=%2Fwp%2Fv2%2Fcomments&post=467"}],"version-history":[{"count":52,"href":"https:\/\/killianmarteau.fr\/index.php?rest_route=\/wp\/v2\/pages\/467\/revisions"}],"predecessor-version":[{"id":1160,"href":"https:\/\/killianmarteau.fr\/index.php?rest_route=\/wp\/v2\/pages\/467\/revisions\/1160"}],"wp:attachment":[{"href":"https:\/\/killianmarteau.fr\/index.php?rest_route=%2Fwp%2Fv2%2Fmedia&parent=467"}],"curies":[{"name":"wp","href":"https:\/\/api.w.org\/{rel}","templated":true}]}}